{"id":47,"date":"2023-10-07T01:03:54","date_gmt":"2023-10-06T23:03:54","guid":{"rendered":"https:\/\/dragontechsolutions.belbarqsarioec.com\/?post_type=product&#038;p=47"},"modified":"2023-10-07T01:21:47","modified_gmt":"2023-10-06T23:21:47","slug":"tp-link-tapo-c110-p2-2k-camara-de-seguridad","status":"publish","type":"product","link":"https:\/\/dragontechsolutions.belbarqsarioec.com\/index.php\/producto\/tp-link-tapo-c110-p2-2k-camara-de-seguridad\/","title":{"rendered":"TP-Link Tapo C110-P2 2K C\u00e1mara de Seguridad"},"content":{"rendered":"<p>Con v\u00eddeo 2K HD de gran nitidez, la seguridad dom\u00e9stica Wi-Fi Tapo C110 le ofrece la posibilidad de vigilar siempre a su familia, sus mascotas y proteger su hogar. Con detecci\u00f3n de personas y movimiento, reciba notificaciones instant\u00e1neas cuando haya actividad. Tambi\u00e9n se utiliza como un monitor de la c\u00e1mara del beb\u00e9, Tapo C210 proporciona detecci\u00f3n de llanto del beb\u00e9 libre. Compruebe lo que hay dentro de su casa, incluso de noche, con visi\u00f3n nocturna gracias al sensor de infrarrojos integrado. Gracias a la funci\u00f3n para compartir dispositivos, usted y un miembro de la familia pueden vigilar a los m\u00e1s peque\u00f1os. Grabe secuencias continuamente en una tarjeta micro-SD de 256 GB (no incluida) o suscr\u00edbase a Tapo Care para obtener un historial de v\u00eddeo de 30 d\u00edas y muchas otras ventajas. Con audio bidireccional n\u00edtido, nunca volver\u00e1 a estar realmente lejos con la posibilidad de mantener conversaciones claras con quien est\u00e9 all\u00ed. Adem\u00e1s, mantenga a su familia a salvo de intrusos no deseados haciendo sonar la sirena y la alarma luminosa integradas.<\/p>\n","protected":false},"excerpt":{"rendered":"<ul>\n<li>Resoluci\u00f3n 2K<\/li>\n<li>Almacenamiento hasta 256GB (No Incluida)<\/li>\n<li>Visi\u00f3n Nocturna has 10 metros<\/li>\n<li>Control por tel\u00e9fono<\/li>\n<li>Sistema incorporado de alarma y notificaciones<\/li>\n<li>Pack de 2 C\u00e1maras<\/li>\n<li>Instalaci\u00f3n a solicitud<\/li>\n<\/ul>\n","protected":false},"featured_media":52,"comment_status":"open","ping_status":"closed","template":"","meta":{"_uag_custom_page_level_css":""},"product_cat":[25,26],"product_tag":[],"uagb_featured_image_src":{"full":["https:\/\/dragontechsolutions.belbarqsarioec.com\/wp-content\/uploads\/2023\/10\/51DZXYsAUjL._AC_SX466_.jpg",466,433,false],"thumbnail":["https:\/\/dragontechsolutions.belbarqsarioec.com\/wp-content\/uploads\/2023\/10\/51DZXYsAUjL._AC_SX466_-150x150.jpg",150,150,true],"medium":["https:\/\/dragontechsolutions.belbarqsarioec.com\/wp-content\/uploads\/2023\/10\/51DZXYsAUjL._AC_SX466_-300x279.jpg",300,279,true],"medium_large":["https:\/\/dragontechsolutions.belbarqsarioec.com\/wp-content\/uploads\/2023\/10\/51DZXYsAUjL._AC_SX466_.jpg",466,433,false],"large":["https:\/\/dragontechsolutions.belbarqsarioec.com\/wp-content\/uploads\/2023\/10\/51DZXYsAUjL._AC_SX466_.jpg",466,433,false],"1536x1536":["https:\/\/dragontechsolutions.belbarqsarioec.com\/wp-content\/uploads\/2023\/10\/51DZXYsAUjL._AC_SX466_.jpg",466,433,false],"2048x2048":["https:\/\/dragontechsolutions.belbarqsarioec.com\/wp-content\/uploads\/2023\/10\/51DZXYsAUjL._AC_SX466_.jpg",466,433,false],"ecommerce-solution-homepage-thumb":["https:\/\/dragontechsolutions.belbarqsarioec.com\/wp-content\/uploads\/2023\/10\/51DZXYsAUjL._AC_SX466_.jpg",156,145,false],"mailpoet_newsletter_max":["https:\/\/dragontechsolutions.belbarqsarioec.com\/wp-content\/uploads\/2023\/10\/51DZXYsAUjL._AC_SX466_.jpg",466,433,false],"woocommerce_thumbnail":["https:\/\/dragontechsolutions.belbarqsarioec.com\/wp-content\/uploads\/2023\/10\/51DZXYsAUjL._AC_SX466_-300x300.jpg",300,300,true],"woocommerce_single":["https:\/\/dragontechsolutions.belbarqsarioec.com\/wp-content\/uploads\/2023\/10\/51DZXYsAUjL._AC_SX466_.jpg",466,433,false],"woocommerce_gallery_thumbnail":["https:\/\/dragontechsolutions.belbarqsarioec.com\/wp-content\/uploads\/2023\/10\/51DZXYsAUjL._AC_SX466_-100x100.jpg",100,100,true]},"uagb_author_info":{"display_name":"DAdmin","author_link":"https:\/\/dragontechsolutions.belbarqsarioec.com\/index.php\/author\/"},"uagb_comment_info":0,"uagb_excerpt":"Resoluci\u00f3n 2K Almacenamiento hasta 256GB (No Incluida) Visi\u00f3n Nocturna has 10 metros Control por tel\u00e9fono Sistema incorporado de alarma y notificaciones Pack de 2 C\u00e1maras Instalaci\u00f3n a solicitud","_links":{"self":[{"href":"https:\/\/dragontechsolutions.belbarqsarioec.com\/index.php\/wp-json\/wp\/v2\/product\/47"}],"collection":[{"href":"https:\/\/dragontechsolutions.belbarqsarioec.com\/index.php\/wp-json\/wp\/v2\/product"}],"about":[{"href":"https:\/\/dragontechsolutions.belbarqsarioec.com\/index.php\/wp-json\/wp\/v2\/types\/product"}],"replies":[{"embeddable":true,"href":"https:\/\/dragontechsolutions.belbarqsarioec.com\/index.php\/wp-json\/wp\/v2\/comments?post=47"}],"wp:featuredmedia":[{"embeddable":true,"href":"https:\/\/dragontechsolutions.belbarqsarioec.com\/index.php\/wp-json\/wp\/v2\/media\/52"}],"wp:attachment":[{"href":"https:\/\/dragontechsolutions.belbarqsarioec.com\/index.php\/wp-json\/wp\/v2\/media?parent=47"}],"wp:term":[{"taxonomy":"product_cat","embeddable":true,"href":"https:\/\/dragontechsolutions.belbarqsarioec.com\/index.php\/wp-json\/wp\/v2\/product_cat?post=47"},{"taxonomy":"product_tag","embeddable":true,"href":"https:\/\/dragontechsolutions.belbarqsarioec.com\/index.php\/wp-json\/wp\/v2\/product_tag?post=47"}],"curies":[{"name":"wp","href":"https:\/\/api.w.org\/{rel}","templated":true}]}}